{"id":2478,"date":"2025-07-14T14:23:02","date_gmt":"2025-07-14T11:23:02","guid":{"rendered":"https:\/\/vps.sy\/vorteile-der-syrischen-domain\/"},"modified":"2025-09-08T14:25:02","modified_gmt":"2025-09-08T11:25:02","slug":"vorteile-der-syrischen-domain","status":"publish","type":"page","link":"https:\/\/vps.sy\/de\/vorteile-der-syrischen-domain\/","title":{"rendered":"Vorteile der syrischen Domain"},"content":{"rendered":"\t\t<div data-elementor-type=\"wp-page\" data-elementor-id=\"2478\" class=\"elementor elementor-2478 elementor-476\">\n\t\t\t\t<div class=\"elementor-element elementor-element-a14bf77 e-flex e-con-boxed e-con e-parent\" data-id=\"a14bf77\" data-element_type=\"container\" data-e-type=\"container\" data-settings=\"{&quot;background_background&quot;:&quot;classic&quot;}\">\n\t\t\t\t\t<div class=\"e-con-inner\">\n\t\t<div class=\"elementor-element elementor-element-3434ce2 e-con-full e-flex e-con e-child\" data-id=\"3434ce2\" data-element_type=\"container\" data-e-type=\"container\">\n\t\t\t\t<div class=\"elementor-element elementor-element-5fa1a39 elementor-widget elementor-widget-heading\" data-id=\"5fa1a39\" data-element_type=\"widget\" data-e-type=\"widget\" data-widget_type=\"heading.default\">\n\t\t\t\t\t<h1 class=\"elementor-heading-title elementor-size-default\">Vorteile der syrischen Domain\n<\/h1>\t\t\t\t<\/div>\n\t\t\t\t<div class=\"elementor-element elementor-element-6e28520 elementor-widget elementor-widget-text-editor\" data-id=\"6e28520\" data-element_type=\"widget\" data-e-type=\"widget\" data-widget_type=\"text-editor.default\">\n\t\t\t\t\t\t\t\t\t<div class=\"elementor-element elementor-element-6e7f1d0 e-flex e-con-boxed e-con e-parent e-lazyloaded\" data-id=\"6e7f1d0\" data-element_type=\"container\" data-settings=\"{\"background_background\":\"classic\"}\"><div class=\"e-con-inner\"><div class=\"elementor-element elementor-element-fc3e217 e-con-full e-flex e-con e-child\" data-id=\"fc3e217\" data-element_type=\"container\"><div class=\"elementor-element elementor-element-5a3feb9 elementor-widget elementor-widget-hfe-infocard\" data-id=\"5a3feb9\" data-element_type=\"widget\" data-widget_type=\"hfe-infocard.default\"><div class=\"elementor-widget-container\"><div class=\"hfe-infocard\"><div class=\"hfe-infocard-text-wrap\"><div class=\"hfe-infocard-text elementor-inline-editing\" data-elementor-setting-key=\"infocard_description\" data-elementor-inline-editing-toolbar=\"advanced\">Eine starke und zuverl\u00e4ssige lokale Online-Pr\u00e4senz<\/div><\/div><\/div><\/div><\/div><\/div><\/div><\/div><div class=\"elementor-element elementor-element-6157321 e-flex e-con-boxed e-con e-parent e-lazyloaded\" data-id=\"6157321\" data-element_type=\"container\" data-settings=\"{\"background_background\":\"classic\",\"shape_divider_bottom\":\"waves\"}\"><div class=\"e-con-inner\"><div class=\"elementor-shape elementor-shape-bottom\" aria-hidden=\"true\" data-negative=\"false\"> <\/div><div class=\"elementor-element elementor-element-20e7fa9 e-con-full e-flex e-con e-child\" data-id=\"20e7fa9\" data-element_type=\"container\"><div class=\"elementor-element elementor-element-a156903 e-flex e-con-boxed e-con e-child\" data-id=\"a156903\" data-element_type=\"container\" data-settings=\"{\"background_background\":\"classic\"}\"><div class=\"e-con-inner\"><div class=\"elementor-element elementor-element-7fc80ec elementor-vertical-align-top elementor-widget elementor-widget-image-box\" data-id=\"7fc80ec\" data-element_type=\"widget\" data-widget_type=\"image-box.default\"><div class=\"elementor-widget-container\"><div class=\"elementor-image-box-wrapper\"><div class=\"elementor-image-box-content\"> <\/div><\/div><\/div><\/div><\/div><\/div><\/div><\/div><\/div>\t\t\t\t\t\t\t\t<\/div>\n\t\t\t\t<\/div>\n\t\t\t\t\t<\/div>\n\t\t\t\t<\/div>\n\t\t<div class=\"elementor-element elementor-element-4a4d02a e-flex e-con-boxed e-con e-parent\" data-id=\"4a4d02a\" data-element_type=\"container\" data-e-type=\"container\">\n\t\t\t\t\t<div class=\"e-con-inner\">\n\t\t<div class=\"elementor-element elementor-element-b6777ad e-con-full e-flex e-con e-child\" data-id=\"b6777ad\" data-element_type=\"container\" data-e-type=\"container\" data-settings=\"{&quot;background_background&quot;:&quot;classic&quot;}\">\n\t\t<div class=\"elementor-element elementor-element-793daf0 e-con-full forborder e-flex e-con e-child\" data-id=\"793daf0\" data-element_type=\"container\" data-e-type=\"container\">\n\t\t\t\t<div class=\"elementor-element elementor-element-550a4d3 elementor-widget elementor-widget-heading\" data-id=\"550a4d3\" data-element_type=\"widget\" data-e-type=\"widget\" data-widget_type=\"heading.default\">\n\t\t\t\t\t<h2 class=\"elementor-heading-title elementor-size-default\">Was ist die syrische Nationaldom\u00e4ne (sy.)?\nWarum ist es wichtig?\n<\/h2>\t\t\t\t<\/div>\n\t\t\t\t<\/div>\n\t\t<div class=\"elementor-element elementor-element-ebd4678 e-con-full comlogo e-flex e-con e-child\" data-id=\"ebd4678\" data-element_type=\"container\" data-e-type=\"container\">\n\t\t\t\t<div class=\"elementor-element elementor-element-91c96e5 elementor-widget elementor-widget-text-editor\" data-id=\"91c96e5\" data-element_type=\"widget\" data-e-type=\"widget\" data-widget_type=\"text-editor.default\">\n\t\t\t\t\t\t\t\t\t<div class=\"elementor-element elementor-element-60b0d57 elementor-widget elementor-widget-text-editor\" data-id=\"60b0d57\" data-element_type=\"widget\" data-widget_type=\"text-editor.default\"><div class=\"elementor-widget-container\"><p data-start=\"499\" data-end=\"671\">Die nationale Domain (.sy) ist die offizielle Endung der Arabischen Republik Syrien im Internet und wird ausschlie\u00dflich an Unternehmen, Institutionen und Einzelpersonen vergeben, die in Syrien ans\u00e4ssig sind oder den syrischen Markt ansprechen. <\/p><p data-start=\"499\" data-end=\"671\"><span style=\"font-size: 16px;\">Der Besitz dieser Domain bedeutet, dass Ihr Unternehmen legal registriert ist und mit ma\u00dfgeschneiderten Produkten und Dienstleistungen ein lokales Publikum anspricht, wodurch das Vertrauen und die Glaubw\u00fcrdigkeit Ihrer Kunden gest\u00e4rkt werden.  <\/span><\/p><\/div><\/div><div class=\"elementor-element elementor-element-0a29a42 elementor-widget elementor-widget-text-editor\" data-id=\"0a29a42\" data-element_type=\"widget\" data-widget_type=\"text-editor.default\"><div class=\"elementor-widget-container\"> <\/div><\/div>\t\t\t\t\t\t\t\t<\/div>\n\t\t\t\t<\/div>\n\t\t\t\t<\/div>\n\t\t\t\t\t<\/div>\n\t\t\t\t<\/div>\n\t\t<div class=\"elementor-element elementor-element-ad9f821 e-flex e-con-boxed e-con e-parent\" data-id=\"ad9f821\" data-element_type=\"container\" data-e-type=\"container\">\n\t\t\t\t\t<div class=\"e-con-inner\">\n\t\t<div class=\"elementor-element elementor-element-abab1ab e-con-full e-flex e-con e-child\" data-id=\"abab1ab\" data-element_type=\"container\" data-e-type=\"container\" data-settings=\"{&quot;background_background&quot;:&quot;classic&quot;}\">\n\t\t\t\t<div class=\"elementor-element elementor-element-e0df4bc elementor-widget elementor-widget-heading\" data-id=\"e0df4bc\" data-element_type=\"widget\" data-e-type=\"widget\" data-widget_type=\"heading.default\">\n\t\t\t\t\t<h3 class=\"elementor-heading-title elementor-size-default\">Hauptvorteile der Verwendung der syrischen Nationaldom\u00e4ne (.sy)\n<\/h3>\t\t\t\t<\/div>\n\t\t\t\t<div class=\"elementor-element elementor-element-89cd7b8 elementor-widget elementor-widget-text-editor\" data-id=\"89cd7b8\" data-element_type=\"widget\" data-e-type=\"widget\" data-widget_type=\"text-editor.default\">\n\t\t\t\t\t\t\t\t\t<div class=\"elementor-element elementor-element-6de11a9 elementor-widget elementor-widget-text-editor\" data-id=\"6de11a9\" data-element_type=\"widget\" data-widget_type=\"text-editor.default\"><div class=\"elementor-widget-container\"><p><b>1. Lokales Vertrauen und Anerkennung<\/b><\/p><p data-start=\"902\" data-end=\"1027\">Lokale Kunden bevorzugen Websites mit einer nationalen Erweiterung, da dies eine physische Pr\u00e4senz im Land und die Einhaltung der syrischen Gesetze demonstriert. <\/p><p><b>2. Lokale SEO<\/b><\/p><p data-start=\"1076\" data-end=\"1210\">Suchmaschinen wie Google priorisieren bei der Suche innerhalb Syriens Websites mit nationalen Dom\u00e4nen, was die Sichtbarkeit Ihrer Website erh\u00f6ht und den Datenverkehr steigert. <\/p><p><b>3. Aufbau einer starken Markenidentit\u00e4t<\/b><\/p><p data-start=\"1253\" data-end=\"1348\"><a href=\"https:\/\/vps.sy\/de\/domain\/\">Die (.sy)<\/a>-Domain zeigt sofort, dass Ihr Unternehmen den syrischen Markt bedient und hinterl\u00e4sst bei Besuchern einen professionellen Eindruck. <\/p><p><b>4. Offizielle Konformit\u00e4t und legale Pr\u00e4senz<\/b><\/p><p data-start=\"1393\" data-end=\"1494\">Die Registrierung einer nationalen Dom\u00e4ne erfordert die Einhaltung gesetzlicher Standards und die transparente Darstellung Ihres Unternehmens in einem formalen Rechtsrahmen. <\/p><p><b>5. Digitaler Schutz<\/b><\/p><p data-start=\"1521\" data-end=\"1629\">Nationale Dom\u00e4nen unterliegen einer beh\u00f6rdlichen Aufsicht, wodurch das Risiko von Online-Betrug verringert und Ihre Markenrechte gesch\u00fctzt werden. <\/p><\/div><\/div>\t\t\t\t\t\t\t\t<\/div>\n\t\t\t\t<\/div>\n\t\t<div class=\"elementor-element elementor-element-49a38c4 e-con-full e-flex e-con e-child\" data-id=\"49a38c4\" data-element_type=\"container\" data-e-type=\"container\" data-settings=\"{&quot;background_background&quot;:&quot;classic&quot;}\">\n\t\t\t\t<div class=\"elementor-element elementor-element-3b8d19f elementor-widget elementor-widget-heading\" data-id=\"3b8d19f\" data-element_type=\"widget\" data-e-type=\"widget\" data-widget_type=\"heading.default\">\n\t\t\t\t\t<h3 class=\"elementor-heading-title elementor-size-default\">VPS: Ihr offizieller Partner f\u00fcr die Registrierung syrischer Nationaldomains (.sy) \n<\/h3>\t\t\t\t<\/div>\n\t\t\t\t<div class=\"elementor-element elementor-element-02d8a2e elementor-widget elementor-widget-text-editor\" data-id=\"02d8a2e\" data-element_type=\"widget\" data-e-type=\"widget\" data-widget_type=\"text-editor.default\">\n\t\t\t\t\t\t\t\t\t<p data-start=\"2105\" data-end=\"2226\"><a href=\"https:\/\/vps.sy\/de\/\">Wir sind <\/a>ein Technologieunternehmen, das Ihnen integrierte Dienste zur Registrierung syrischer Domains bietet:<\/p><ul data-start=\"2228\" data-end=\"2509\"><li data-start=\"2228\" data-end=\"2257\"><p data-start=\"2230\" data-end=\"2257\">Offizielle und verifizierte Domains registrieren<\/p><\/li><li data-start=\"2258\" data-end=\"2298\"><p data-start=\"2260\" data-end=\"2298\">Beratung zur Auswahl des besten Domainnamens<\/p><\/li><li data-start=\"2299\" data-end=\"2341\"><p data-start=\"2301\" data-end=\"2341\">Professionelles DNS-Management zur Gew\u00e4hrleistung der Stabilit\u00e4t Ihrer Website<\/p><\/li><li data-start=\"2342\" data-end=\"2377\"><p data-start=\"2344\" data-end=\"2377\">Schnelle und reibungslose Domainregistrierung und -verl\u00e4ngerung<\/p><\/li><li data-start=\"2378\" data-end=\"2442\"><p data-start=\"2380\" data-end=\"2442\">Kontinuierlicher technischer Support und Antworten auf alle Ihre technischen und rechtlichen Fragen.<\/p><\/li><li data-start=\"2443\" data-end=\"2477\"><p data-start=\"2445\" data-end=\"2477\">Digitaler Markenschutz<\/p><\/li><li data-start=\"2478\" data-end=\"2509\"><p data-start=\"2480\" data-end=\"2509\">Transparente Preise ohne versteckte Geb\u00fchren<\/p><\/li><\/ul><p data-start=\"2511\" data-end=\"2612\">Wir stellen nicht nur eine Dom\u00e4ne bereit, sondern erstellen mit Ihnen eine vollst\u00e4ndige <strong data-start=\"2547\" data-end=\"2567\">digitale Identit\u00e4t<\/strong>, die mit der Dom\u00e4ne beginnt und sich auf jeden Aspekt Ihrer digitalen Pr\u00e4senz erstreckt. <\/p><p><b>Warum uns w\u00e4hlen?<\/b><\/p><ul data-start=\"2646\" data-end=\"2798\"><li data-start=\"2646\" data-end=\"2676\"><p data-start=\"2648\" data-end=\"2676\">Offiziell lizenziertes Unternehmen in Syrien<\/p><\/li><li data-start=\"2677\" data-end=\"2714\"><p data-start=\"2679\" data-end=\"2714\">Lokale Expertise und umfassende Kenntnisse des syrischen Marktes<\/p><\/li><li data-start=\"2715\" data-end=\"2741\"><p data-start=\"2717\" data-end=\"2741\">Kontinuierliche technische und beratende Unterst\u00fctzung<\/p><\/li><li data-start=\"2742\" data-end=\"2769\"><p data-start=\"2744\" data-end=\"2769\">Flexible Preise und ma\u00dfgeschneiderte Pakete<\/p><\/li><li data-start=\"2770\" data-end=\"2798\"><p data-start=\"2772\" data-end=\"2798\">Umfassende Leistungen aus einer Hand<\/p><\/li><\/ul><p><b>Starten Sie voller Zuversicht in Ihre digitale Zukunft<\/b><\/p><p data-start=\"2836\" data-end=\"3029\">Der Besitz einer <strong data-start=\"2843\" data-end=\"2873\"><a href=\"https:\/\/vps.sy\/de\/domain\/\">syrischen nationalen Domain <\/a><\/strong>(.sy) ist Ihr erster Schritt zum Aufbau <strong data-start=\"2896\" data-end=\"2920\">einer starken und zuverl\u00e4ssigen lokalen Online-Pr\u00e4senz<\/strong>. W\u00e4hlen Sie einen Partner, der die Anforderungen des syrischen Marktes versteht und Ihnen alles bietet, was Sie f\u00fcr einen selbstbewussten und professionellen Start Ihres Unternehmens ben\u00f6tigen.  <\/p><p data-start=\"3031\" data-end=\"3132\"><strong data-start=\"3031\" data-end=\"3095\">Sind Sie bereit, Ihre nationale Domain zu registrieren und in die digitale Welt aufzubrechen?<\/strong><br data-start=\"3095\" data-end=\"3098\"><strong data-start=\"3099\" data-end=\"3129\"><a href=\"https:\/\/vps.sy\/de\/kontakt\/\">Registrieren Sie jetzt Ihre Domain\u2026<\/a><\/strong> <\/p>\t\t\t\t\t\t\t\t<\/div>\n\t\t\t\t<\/div>\n\t\t\t\t\t<\/div>\n\t\t\t\t<\/div>\n\t\t\t\t<\/div>\n\t\t","protected":false},"excerpt":{"rendered":"<p>Vorteile der syrischen Domain Eine starke und zuverl\u00e4ssige lokale Online-Pr\u00e4senz Was ist die syrische Nationaldom\u00e4ne (sy.)? Warum ist es wichtig? Die nationale Domain (.sy) ist die offizielle Endung der Arabischen Republik Syrien im Internet und wird ausschlie\u00dflich an Unternehmen, Institutionen und Einzelpersonen vergeben, die in Syrien ans\u00e4ssig sind oder den syrischen Markt ansprechen. Der Besitz [&hellip;]<\/p>\n","protected":false},"author":1,"featured_media":0,"parent":0,"menu_order":0,"comment_status":"closed","ping_status":"closed","template":"","meta":{"site-sidebar-layout":"no-sidebar","site-content-layout":"page-builder","ast-site-content-layout":"default","site-content-style":"default","site-sidebar-style":"default","ast-global-header-display":"","ast-banner-title-visibility":"","ast-main-header-display":"","ast-hfb-above-header-display":"","ast-hfb-below-header-display":"","ast-hfb-mobile-header-display":"","site-post-title":"disabled","ast-breadcrumbs-content":"disabled","ast-featured-img":"disabled","footer-sml-layout":"","ast-disable-related-posts":"","theme-transparent-header-meta":"enabled","adv-header-id-meta":"","stick-header-meta":"","header-above-stick-meta":"","header-main-stick-meta":"","header-below-stick-meta":"","astra-migrate-meta-layouts":"default","ast-page-background-enabled":"default","ast-page-background-meta":{"desktop":{"background-color":"","background-image":"","background-repeat":"repeat","background-position":"center center","background-size":"auto","background-attachment":"scroll","background-type":"","background-media":"","overlay-type":"","overlay-color":"","overlay-opacity":"","overlay-gradient":""},"tablet":{"background-color":"","background-image":"","background-repeat":"repeat","background-position":"center center","background-size":"auto","background-attachment":"scroll","background-type":"","background-media":"","overlay-type":"","overlay-color":"","overlay-opacity":"","overlay-gradient":""},"mobile":{"background-color":"","background-image":"","background-repeat":"repeat","background-position":"center center","background-size":"auto","background-attachment":"scroll","background-type":"","background-media":"","overlay-type":"","overlay-color":"","overlay-opacity":"","overlay-gradient":""}},"ast-content-background-meta":{"desktop":{"background-color":"var(--ast-global-color-5)","background-image":"","background-repeat":"repeat","background-position":"center center","background-size":"auto","background-attachment":"scroll","background-type":"","background-media":"","overlay-type":"","overlay-color":"","overlay-opacity":"","overlay-gradient":""},"tablet":{"background-color":"var(--ast-global-color-5)","background-image":"","background-repeat":"repeat","background-position":"center center","background-size":"auto","background-attachment":"scroll","background-type":"","background-media":"","overlay-type":"","overlay-color":"","overlay-opacity":"","overlay-gradient":""},"mobile":{"background-color":"var(--ast-global-color-5)","background-image":"","background-repeat":"repeat","background-position":"center center","background-size":"auto","background-attachment":"scroll","background-type":"","background-media":"","overlay-type":"","overlay-color":"","overlay-opacity":"","overlay-gradient":""}},"footnotes":""},"class_list":["post-2478","page","type-page","status-publish","hentry"],"_links":{"self":[{"href":"https:\/\/vps.sy\/de\/wp-json\/wp\/v2\/pages\/2478","targetHints":{"allow":["GET"]}}],"collection":[{"href":"https:\/\/vps.sy\/de\/wp-json\/wp\/v2\/pages"}],"about":[{"href":"https:\/\/vps.sy\/de\/wp-json\/wp\/v2\/types\/page"}],"author":[{"embeddable":true,"href":"https:\/\/vps.sy\/de\/wp-json\/wp\/v2\/users\/1"}],"replies":[{"embeddable":true,"href":"https:\/\/vps.sy\/de\/wp-json\/wp\/v2\/comments?post=2478"}],"version-history":[{"count":1,"href":"https:\/\/vps.sy\/de\/wp-json\/wp\/v2\/pages\/2478\/revisions"}],"predecessor-version":[{"id":2479,"href":"https:\/\/vps.sy\/de\/wp-json\/wp\/v2\/pages\/2478\/revisions\/2479"}],"wp:attachment":[{"href":"https:\/\/vps.sy\/de\/wp-json\/wp\/v2\/media?parent=2478"}],"curies":[{"name":"wp","href":"https:\/\/api.w.org\/{rel}","templated":true}]}}