{"id":2698,"date":"2025-11-24T15:48:42","date_gmt":"2025-11-24T12:48:42","guid":{"rendered":"https:\/\/vps.sy\/offizielles-lizenzdokument\/"},"modified":"2025-11-24T16:03:11","modified_gmt":"2025-11-24T13:03:11","slug":"offizielles-lizenzdokument","status":"publish","type":"page","link":"https:\/\/vps.sy\/de\/offizielles-lizenzdokument\/","title":{"rendered":"Offizielles Lizenzdokument"},"content":{"rendered":"\t\t<div data-elementor-type=\"wp-page\" data-elementor-id=\"2698\" class=\"elementor elementor-2698 elementor-2670\">\n\t\t\t\t<div class=\"elementor-element elementor-element-c9fe2dc e-flex e-con-boxed e-con e-parent\" data-id=\"c9fe2dc\" data-element_type=\"container\" data-e-type=\"container\" data-settings=\"{&quot;background_background&quot;:&quot;classic&quot;}\">\n\t\t\t\t\t<div class=\"e-con-inner\">\n\t\t<div class=\"elementor-element elementor-element-8721f18 e-con-full e-flex e-con e-child\" data-id=\"8721f18\" data-element_type=\"container\" data-e-type=\"container\">\n\t\t\t\t<div class=\"elementor-element elementor-element-00385e9 elementor-widget elementor-widget-heading\" data-id=\"00385e9\" data-element_type=\"widget\" data-e-type=\"widget\" data-widget_type=\"heading.default\">\n\t\t\t\t\t<h1 class=\"elementor-heading-title elementor-size-default\">Offizielles Lizenzdokument f\u00fcr Al Nobalaa Company\n<\/h1>\t\t\t\t<\/div>\n\t\t\t\t<div class=\"elementor-element elementor-element-59efdbb elementor-widget elementor-widget-text-editor\" data-id=\"59efdbb\" data-element_type=\"widget\" data-e-type=\"widget\" data-widget_type=\"text-editor.default\">\n\t\t\t\t\t\t\t\t\t<div class=\"elementor-element elementor-element-2b9efca e-flex e-con-boxed e-con e-parent e-lazyloaded\" data-id=\"2b9efca\" data-element_type=\"container\" data-settings=\"{\"background_background\":\"classic\"}\"><div class=\"e-con-inner\"><div class=\"elementor-element elementor-element-aa9d521 e-con-full e-flex e-con e-child\" data-id=\"aa9d521\" data-element_type=\"container\"><div class=\"elementor-element elementor-element-51ea1ba elementor-widget elementor-widget-hfe-infocard\" data-id=\"51ea1ba\" data-element_type=\"widget\" data-widget_type=\"hfe-infocard.default\"><div class=\"elementor-widget-container\"><div class=\"hfe-infocard\"><div class=\"hfe-infocard-text-wrap\"><div class=\"hfe-infocard-text elementor-inline-editing\" data-elementor-setting-key=\"infocard_description\" data-elementor-inline-editing-toolbar=\"advanced\">Wir sind einer der Nobalaa Services, die offiziell zur Erbringung von Informationstechnologie- und Hosting-Dienstleistungen gem\u00e4\u00df den genehmigten Vorschriften lizenziert sind.<\/div><\/div><\/div><\/div><\/div><\/div><\/div><\/div>\t\t\t\t\t\t\t\t<\/div>\n\t\t\t\t<\/div>\n\t\t\t\t\t<\/div>\n\t\t\t\t<\/div>\n\t\t<div class=\"elementor-element elementor-element-5e804e2 e-flex e-con-boxed e-con e-parent\" data-id=\"5e804e2\" data-element_type=\"container\" data-e-type=\"container\">\n\t\t\t\t\t<div class=\"e-con-inner\">\n\t\t\t\t<div class=\"elementor-element elementor-element-38c2345 elementor-widget elementor-widget-heading\" data-id=\"38c2345\" data-element_type=\"widget\" data-e-type=\"widget\" data-widget_type=\"heading.default\">\n\t\t\t\t\t<h2 class=\"elementor-heading-title elementor-size-default\">Ausgestellt in \u00dcbereinstimmung mit den rechtlichen Verfahren der Nationalen Beh\u00f6rde f\u00fcr Informationstechnologiedienste im syrischen Ministerium f\u00fcr Telekommunikation\n<\/h2>\t\t\t\t<\/div>\n\t\t\t\t<div class=\"elementor-element elementor-element-33385e0 elementor-widget elementor-widget-html\" data-id=\"33385e0\" data-element_type=\"widget\" data-e-type=\"widget\" data-widget_type=\"html.default\">\n\t\t\t\t\t<style>\r\n  .pdf-viewer {\r\n    width: 100%;\r\n    height: 700px;\r\n    border: none;\r\n  }\r\n\r\n  @media (max-width: 767px) {\r\n    .pdf-viewer {\r\n      height: 400px !important;\r\n    }\r\n  }\r\n<\/style>\r\n\r\n<embed src=\"https:\/\/vps.sy\/wp-content\/uploads\/2025\/11\/nobalaa-license-2025.pdf\" type=\"application\/pdf\" class=\"pdf-viewer\"><\/embed>\t\t\t\t<\/div>\n\t\t\t\t\t<\/div>\n\t\t\t\t<\/div>\n\t\t\t\t<\/div>\n\t\t","protected":false},"excerpt":{"rendered":"<p>Offizielles Lizenzdokument f\u00fcr Al Nobalaa Company Wir sind einer der Nobalaa Services, die offiziell zur Erbringung von Informationstechnologie- und Hosting-Dienstleistungen gem\u00e4\u00df den genehmigten Vorschriften lizenziert sind. Ausgestellt in \u00dcbereinstimmung mit den rechtlichen Verfahren der Nationalen Beh\u00f6rde f\u00fcr Informationstechnologiedienste im syrischen Ministerium f\u00fcr Telekommunikation<\/p>\n","protected":false},"author":1,"featured_media":0,"parent":0,"menu_order":0,"comment_status":"closed","ping_status":"closed","template":"elementor_canvas","meta":{"site-sidebar-layout":"no-sidebar","site-content-layout":"page-builder","ast-site-content-layout":"full-width-container","site-content-style":"default","site-sidebar-style":"default","ast-global-header-display":"","ast-banner-title-visibility":"","ast-main-header-display":"","ast-hfb-above-header-display":"","ast-hfb-below-header-display":"","ast-hfb-mobile-header-display":"","site-post-title":"disabled","ast-breadcrumbs-content":"","ast-featured-img":"disabled","footer-sml-layout":"","ast-disable-related-posts":"","theme-transparent-header-meta":"","adv-header-id-meta":"","stick-header-meta":"","header-above-stick-meta":"","header-main-stick-meta":"","header-below-stick-meta":"","astra-migrate-meta-layouts":"default","ast-page-background-enabled":"default","ast-page-background-meta":{"desktop":{"background-color":"","background-image":"","background-repeat":"repeat","background-position":"center center","background-size":"auto","background-attachment":"scroll","background-type":"","background-media":"","overlay-type":"","overlay-color":"","overlay-opacity":"","overlay-gradient":""},"tablet":{"background-color":"","background-image":"","background-repeat":"repeat","background-position":"center center","background-size":"auto","background-attachment":"scroll","background-type":"","background-media":"","overlay-type":"","overlay-color":"","overlay-opacity":"","overlay-gradient":""},"mobile":{"background-color":"","background-image":"","background-repeat":"repeat","background-position":"center center","background-size":"auto","background-attachment":"scroll","background-type":"","background-media":"","overlay-type":"","overlay-color":"","overlay-opacity":"","overlay-gradient":""}},"ast-content-background-meta":{"desktop":{"background-color":"var(--ast-global-color-5)","background-image":"","background-repeat":"repeat","background-position":"center center","background-size":"auto","background-attachment":"scroll","background-type":"","background-media":"","overlay-type":"","overlay-color":"","overlay-opacity":"","overlay-gradient":""},"tablet":{"background-color":"var(--ast-global-color-5)","background-image":"","background-repeat":"repeat","background-position":"center center","background-size":"auto","background-attachment":"scroll","background-type":"","background-media":"","overlay-type":"","overlay-color":"","overlay-opacity":"","overlay-gradient":""},"mobile":{"background-color":"var(--ast-global-color-5)","background-image":"","background-repeat":"repeat","background-position":"center center","background-size":"auto","background-attachment":"scroll","background-type":"","background-media":"","overlay-type":"","overlay-color":"","overlay-opacity":"","overlay-gradient":""}},"footnotes":""},"class_list":["post-2698","page","type-page","status-publish","hentry"],"_links":{"self":[{"href":"https:\/\/vps.sy\/de\/wp-json\/wp\/v2\/pages\/2698","targetHints":{"allow":["GET"]}}],"collection":[{"href":"https:\/\/vps.sy\/de\/wp-json\/wp\/v2\/pages"}],"about":[{"href":"https:\/\/vps.sy\/de\/wp-json\/wp\/v2\/types\/page"}],"author":[{"embeddable":true,"href":"https:\/\/vps.sy\/de\/wp-json\/wp\/v2\/users\/1"}],"replies":[{"embeddable":true,"href":"https:\/\/vps.sy\/de\/wp-json\/wp\/v2\/comments?post=2698"}],"version-history":[{"count":5,"href":"https:\/\/vps.sy\/de\/wp-json\/wp\/v2\/pages\/2698\/revisions"}],"predecessor-version":[{"id":2707,"href":"https:\/\/vps.sy\/de\/wp-json\/wp\/v2\/pages\/2698\/revisions\/2707"}],"wp:attachment":[{"href":"https:\/\/vps.sy\/de\/wp-json\/wp\/v2\/media?parent=2698"}],"curies":[{"name":"wp","href":"https:\/\/api.w.org\/{rel}","templated":true}]}}