{"id":2700,"date":"2025-11-24T15:48:42","date_gmt":"2025-11-24T12:48:42","guid":{"rendered":"https:\/\/vps.sy\/document-de-licence-officiel\/"},"modified":"2025-11-24T16:00:34","modified_gmt":"2025-11-24T13:00:34","slug":"document-de-licence-officiel","status":"publish","type":"page","link":"https:\/\/vps.sy\/fr\/document-de-licence-officiel\/","title":{"rendered":"Document de licence officiel"},"content":{"rendered":"\t\t<div data-elementor-type=\"wp-page\" data-elementor-id=\"2700\" class=\"elementor elementor-2700 elementor-2670\">\n\t\t\t\t<div class=\"elementor-element elementor-element-c9fe2dc e-flex e-con-boxed e-con e-parent\" data-id=\"c9fe2dc\" data-element_type=\"container\" data-e-type=\"container\" data-settings=\"{&quot;background_background&quot;:&quot;classic&quot;}\">\n\t\t\t\t\t<div class=\"e-con-inner\">\n\t\t<div class=\"elementor-element elementor-element-8721f18 e-con-full e-flex e-con e-child\" data-id=\"8721f18\" data-element_type=\"container\" data-e-type=\"container\">\n\t\t\t\t<div class=\"elementor-element elementor-element-00385e9 elementor-widget elementor-widget-heading\" data-id=\"00385e9\" data-element_type=\"widget\" data-e-type=\"widget\" data-widget_type=\"heading.default\">\n\t\t\t\t\t<h1 class=\"elementor-heading-title elementor-size-default\">Document de licence officiel de la soci\u00e9t\u00e9 Al-Nobalaa\n<\/h1>\t\t\t\t<\/div>\n\t\t\t\t<div class=\"elementor-element elementor-element-59efdbb elementor-widget elementor-widget-text-editor\" data-id=\"59efdbb\" data-element_type=\"widget\" data-e-type=\"widget\" data-widget_type=\"text-editor.default\">\n\t\t\t\t\t\t\t\t\t<div class=\"elementor-element elementor-element-2b9efca e-flex e-con-boxed e-con e-parent e-lazyloaded\" data-id=\"2b9efca\" data-element_type=\"container\" data-settings=\"{\"background_background\":\"classic\"}\"><div class=\"e-con-inner\"><div class=\"elementor-element elementor-element-aa9d521 e-con-full e-flex e-con e-child\" data-id=\"aa9d521\" data-element_type=\"container\"><div class=\"elementor-element elementor-element-51ea1ba elementor-widget elementor-widget-hfe-infocard\" data-id=\"51ea1ba\" data-element_type=\"widget\" data-widget_type=\"hfe-infocard.default\"><div class=\"elementor-widget-container\"><div class=\"hfe-infocard\"><div class=\"hfe-infocard-text-wrap\"><div class=\"hfe-infocard-text elementor-inline-editing\" data-elementor-setting-key=\"infocard_description\" data-elementor-inline-editing-toolbar=\"advanced\">Nous sommes l&rsquo;un des prestataires de services Noble Services officiellement agr\u00e9\u00e9s pour fournir des services de technologies de l&rsquo;information et d&rsquo;h\u00e9bergement conform\u00e9ment \u00e0 la r\u00e9glementation en vigueur.<\/div><\/div><\/div><\/div><\/div><\/div><\/div><\/div>\t\t\t\t\t\t\t\t<\/div>\n\t\t\t\t<\/div>\n\t\t\t\t\t<\/div>\n\t\t\t\t<\/div>\n\t\t<div class=\"elementor-element elementor-element-5e804e2 e-flex e-con-boxed e-con e-parent\" data-id=\"5e804e2\" data-element_type=\"container\" data-e-type=\"container\">\n\t\t\t\t\t<div class=\"e-con-inner\">\n\t\t\t\t<div class=\"elementor-element elementor-element-38c2345 elementor-widget elementor-widget-heading\" data-id=\"38c2345\" data-element_type=\"widget\" data-e-type=\"widget\" data-widget_type=\"heading.default\">\n\t\t\t\t\t<h2 class=\"elementor-heading-title elementor-size-default\">D\u00e9livr\u00e9 conform\u00e9ment aux proc\u00e9dures l\u00e9gales de l'Autorit\u00e9 nationale des services de technologies de l'information aupr\u00e8s du minist\u00e8re syrien des Communications\n<\/h2>\t\t\t\t<\/div>\n\t\t\t\t<div class=\"elementor-element elementor-element-33385e0 elementor-widget elementor-widget-html\" data-id=\"33385e0\" data-element_type=\"widget\" data-e-type=\"widget\" data-widget_type=\"html.default\">\n\t\t\t\t\t<style>\r\n  .pdf-viewer {\r\n    width: 100%;\r\n    height: 700px;\r\n    border: none;\r\n  }\r\n\r\n  @media (max-width: 767px) {\r\n    .pdf-viewer {\r\n      height: 400px !important;\r\n    }\r\n  }\r\n<\/style>\r\n\r\n<embed src=\"https:\/\/vps.sy\/wp-content\/uploads\/2025\/11\/nobalaa-license-2025.pdf\" type=\"application\/pdf\" class=\"pdf-viewer\"><\/embed>\t\t\t\t<\/div>\n\t\t\t\t\t<\/div>\n\t\t\t\t<\/div>\n\t\t\t\t<\/div>\n\t\t","protected":false},"excerpt":{"rendered":"<p>Document de licence officiel de la soci\u00e9t\u00e9 Al-Nobalaa Nous sommes l&rsquo;un des prestataires de services Noble Services officiellement agr\u00e9\u00e9s pour fournir des services de technologies de l&rsquo;information et d&rsquo;h\u00e9bergement conform\u00e9ment \u00e0 la r\u00e9glementation en vigueur. D\u00e9livr\u00e9 conform\u00e9ment aux proc\u00e9dures l\u00e9gales de l&rsquo;Autorit\u00e9 nationale des services de technologies de l&rsquo;information aupr\u00e8s du minist\u00e8re syrien des Communications<\/p>\n","protected":false},"author":1,"featured_media":0,"parent":0,"menu_order":0,"comment_status":"closed","ping_status":"closed","template":"elementor_canvas","meta":{"site-sidebar-layout":"no-sidebar","site-content-layout":"page-builder","ast-site-content-layout":"full-width-container","site-content-style":"default","site-sidebar-style":"default","ast-global-header-display":"","ast-banner-title-visibility":"","ast-main-header-display":"","ast-hfb-above-header-display":"","ast-hfb-below-header-display":"","ast-hfb-mobile-header-display":"","site-post-title":"disabled","ast-breadcrumbs-content":"","ast-featured-img":"disabled","footer-sml-layout":"","ast-disable-related-posts":"","theme-transparent-header-meta":"","adv-header-id-meta":"","stick-header-meta":"","header-above-stick-meta":"","header-main-stick-meta":"","header-below-stick-meta":"","astra-migrate-meta-layouts":"default","ast-page-background-enabled":"default","ast-page-background-meta":{"desktop":{"background-color":"","background-image":"","background-repeat":"repeat","background-position":"center center","background-size":"auto","background-attachment":"scroll","background-type":"","background-media":"","overlay-type":"","overlay-color":"","overlay-opacity":"","overlay-gradient":""},"tablet":{"background-color":"","background-image":"","background-repeat":"repeat","background-position":"center center","background-size":"auto","background-attachment":"scroll","background-type":"","background-media":"","overlay-type":"","overlay-color":"","overlay-opacity":"","overlay-gradient":""},"mobile":{"background-color":"","background-image":"","background-repeat":"repeat","background-position":"center center","background-size":"auto","background-attachment":"scroll","background-type":"","background-media":"","overlay-type":"","overlay-color":"","overlay-opacity":"","overlay-gradient":""}},"ast-content-background-meta":{"desktop":{"background-color":"var(--ast-global-color-5)","background-image":"","background-repeat":"repeat","background-position":"center center","background-size":"auto","background-attachment":"scroll","background-type":"","background-media":"","overlay-type":"","overlay-color":"","overlay-opacity":"","overlay-gradient":""},"tablet":{"background-color":"var(--ast-global-color-5)","background-image":"","background-repeat":"repeat","background-position":"center center","background-size":"auto","background-attachment":"scroll","background-type":"","background-media":"","overlay-type":"","overlay-color":"","overlay-opacity":"","overlay-gradient":""},"mobile":{"background-color":"var(--ast-global-color-5)","background-image":"","background-repeat":"repeat","background-position":"center center","background-size":"auto","background-attachment":"scroll","background-type":"","background-media":"","overlay-type":"","overlay-color":"","overlay-opacity":"","overlay-gradient":""}},"footnotes":""},"class_list":["post-2700","page","type-page","status-publish","hentry"],"_links":{"self":[{"href":"https:\/\/vps.sy\/fr\/wp-json\/wp\/v2\/pages\/2700","targetHints":{"allow":["GET"]}}],"collection":[{"href":"https:\/\/vps.sy\/fr\/wp-json\/wp\/v2\/pages"}],"about":[{"href":"https:\/\/vps.sy\/fr\/wp-json\/wp\/v2\/types\/page"}],"author":[{"embeddable":true,"href":"https:\/\/vps.sy\/fr\/wp-json\/wp\/v2\/users\/1"}],"replies":[{"embeddable":true,"href":"https:\/\/vps.sy\/fr\/wp-json\/wp\/v2\/comments?post=2700"}],"version-history":[{"count":1,"href":"https:\/\/vps.sy\/fr\/wp-json\/wp\/v2\/pages\/2700\/revisions"}],"predecessor-version":[{"id":2701,"href":"https:\/\/vps.sy\/fr\/wp-json\/wp\/v2\/pages\/2700\/revisions\/2701"}],"wp:attachment":[{"href":"https:\/\/vps.sy\/fr\/wp-json\/wp\/v2\/media?parent=2700"}],"curies":[{"name":"wp","href":"https:\/\/api.w.org\/{rel}","templated":true}]}}